{"id":5029,"date":"2020-06-14T12:08:23","date_gmt":"2020-06-14T12:08:23","guid":{"rendered":"https:\/\/www.cafebonifacio.com\/about-us\/"},"modified":"2024-04-17T23:44:10","modified_gmt":"2024-04-17T23:44:10","slug":"about-us","status":"publish","type":"page","link":"https:\/\/www.cafebonifacio.com\/en\/about-us\/","title":{"rendered":"About us"},"content":{"rendered":"\n\t<section id=\"contentboxes-mb-block-c0c3b12b-0cfa-4fa9-ad3f-b1e10498fe79\" class=\"section section-contentboxes  alignfull \">\n\n\t\t<div class=\"contentboxes-wrap none\">\n\t\t\t\t\t<div class=\"contentboxes-masonry \">\n\n\t\t\t\t<div class=\"grid-sizer-contentboxes\"><\/div>\n\n\t\t\t\t\n\t\t\t\t<div class=\"content-box- contentboxes-image-wrap bg-none half-width square content-dark no-vertical-text has-content cb-mobile-content-center \"  data-aos=\"fade-up\" data-aos-delay=\"100\"    >\n\n\t\t\t\t\t<div class=\"contentboxes-image-wrap-inner\">\n\n\t\t\t\t\t\n\t\t\t\t\t\t<div class=\"contentboxes-zoom-wrap \">\n\t\t\t\t\t\t\n\t\t\t\t\t\t\n\t\t\t\t\t\t\n\t\t\t\t\t\t\t<div class=\"contentboxes-content-wrap centered-content  contentboxes-content-middle\"  >\n\n\t\t\t\t\t\t\t\t\t\t\t\t\t\t\t\t<div class=\"contentboxes-content section-content\">\n\t\t\t\t\t\t\t\t\t\t\t\t\t\t\t\t\t\t\t\t\t\t\t\t\t\t\t\t\t\t\t\t\t\t                \t<h2 class=\"contentboxes-content-item contentboxes-title\"  data-aos=\"slide-up\"  ><em>Cafe Bonifacio<\/em><\/h2>\n\t\t\t\t\t\t\t                \t\t\t\t\t\t\t                \t\t\t\t\t\t\t                \t\t\t\t\t\t\t                \t<div class=\"contentboxes-content-item contentboxes-text\"  data-aos=\"fade-right\" data-aos-delay=\"340\"  >Bonifacio is located in the town of Toabr\u00e9, district of Penonom\u00e9 in province of Cocl\u00e9. The fertile lands permits the production of robusta coffee, tahiti limes and oranges among other fruits. The farm is surrounded by streams and the San Miguel River. \r\nWe can also find the black and acorn palms whose fibers are used to make the famous pintao hats. The climate of the region is very humid and has rainfall throughout the year.<\/div>\n\t\t\t\t\t\t\t                \t\t\t\t\t\t\t                \t\t\t\t\t\t        \t<\/div>\n\t\t\t\t\t\t        \t\n\t\t\t\t\t\t\t\t\t\t\t\t\t\n\t\t\t\t\t\t<\/div>\n\t\t\t\t\t<\/div>\n\t\t\t\t\t<\/div>\n\n\t\t\t\t\t\t   \t \n\t\t\t\t<\/div>\n\t\t\t\t\t\n\t\t\t\n\t\t\t\t<div class=\"content-box-4556 contentboxes-image-wrap bg-image half-width square content-white no-vertical-text no-content  \"  data-aos=\"fade-up\" data-aos-delay=\"200\"    >\n\n\t\t\t\t\t<div class=\"contentboxes-image-wrap-inner\">\n\n\t\t\t\t\t\n\t\t\t\t\t\t<div class=\"contentboxes-zoom-wrap \">\n\t\t\t\t\t\t\n\t\t\t\t\t\t\t\t\t\t\t\t\t<div class=\"contentboxbgimage\" style=\"background-image: url(https:\/\/www.cafebonifacio.com\/wp-content\/uploads\/2023\/02\/img1-4-e1675484398436.jpg);\"><\/div> \n\t\t\t\t\t\t\t\t\t\t\t\t<div class=\"contentbox-overlay   gradient-contentboxes-content-middle\" >\n\t\t\t\t\t\t\n\t\t\t\t\t\t\t<div class=\"contentboxes-content-wrap centered-content contentboxes-content-center contentboxes-content-middle\"  >\n\n\t\t\t\t\t\t\t\t\n\t\t\t\t\t\t\t\t\t\t\t\t\t\t<\/div>\n\t\t\t\t\t\t\t\t\t\t\t\t\t\n\t\t\t\t\t\t<\/div>\n\t\t\t\t\t<\/div>\n\t\t\t\t\t<\/div>\n\n\t\t\t\t\t\t   \t \n\t\t\t\t<\/div>\n\t\t\t\t\t\n\t\t\t\t\t\t<\/div>\n\t\t\t\t<\/div>\n\n\t<\/section> \n\n\n\n\n<h2 class=\"wp-block-heading has-text-align-center\">History<\/h2>\n\n\n\n<div class=\"wp-block-group alignwide\"><div class=\"wp-block-group__inner-container is-layout-flow wp-block-group-is-layout-flow\">\n<p class=\"has-text-align-center\" id=\"hola\">The history of our coffee began in the 1950s in El Ca\u00f1o of San Miguel in Cocle Province where Don Bonifacio dedicated his time to work the land to grow his own food. He then established his first coffee plantation but at that time the farmers in the area only planted Caracolillo or Peaberry coffee as it is known. The production of coffee became one of the family&#8217;s main activities producing and selling ripe coffee beans while leaving his legacy behind for the next generation. Robusta coffee production was then born and this then led to the acquiring additional lands not only to assure a greater future production but also the highest quality of Robusta coffee possible.<\/p>\n<\/div><\/div>\n\n\n\n\t<section id=\"section-gallery-mb-block-dd8066c8-ee2f-4536-b726-0dc50047320c\" class=\"section section-gallery  alignfull \">\n\n\t\t<div class=\"gallery-wrap none\">\n\t\t\t\t\t<div class=\"gallery-images-masonry \">\n\n\t\t\t\t<div class=\"grid-sizer-gallery\"><\/div>\n\t\t\t\t\n\t\t\t\t\t\t<div class=\"gallery-image-wrap quarter-width half-height\" data-aos=\"fade-up\" data-aos-delay=\"100\"  >\n\n\t\t\t\t\t\t\t<div class=\"gallery-image-wrap-inner\">\n\n\t\t\t\t\t\t\t\t\t\t\t\t\t\t\t\t\t<a href=\"https:\/\/www.cafebonifacio.com\/wp-content\/uploads\/2023\/02\/img4.jpg\" class=\"links_to_image\">\n\t\t\t\t\t\t\t\t\t\t\t\t    \t\n\t\t\t\t\t\t\t\t\t<div class=\"gallery-image\" style=\"background-image: url(https:\/\/www.cafebonifacio.com\/wp-content\/uploads\/2023\/02\/img4.jpg);\"><\/div>\n\n\t\t\t\t\t\t\t\t\t\t\t\t\t\t\t\t\t<\/a>\n\t\t\t\t\t\t\t\t\n\t\t\t\t\t\t\t<\/div>\n\t\t   \t \n\t\t\t\t\t\t<\/div>\n\t\t\t\t\t\t\n\t\t\t\t\n\t\t\t\n\t\t\t\t\t\t<div class=\"gallery-image-wrap quarter-width half-height\" data-aos=\"fade-up\" data-aos-delay=\"100\"  >\n\n\t\t\t\t\t\t\t<div class=\"gallery-image-wrap-inner\">\n\n\t\t\t\t\t\t\t\t\t\t\t\t\t\t\t\t\t<a href=\"https:\/\/www.cafebonifacio.com\/wp-content\/uploads\/2022\/04\/photo_2022-04-19_20-12-09-e1650418214358.jpg\" class=\"links_to_image\">\n\t\t\t\t\t\t\t\t\t\t\t\t    \t\n\t\t\t\t\t\t\t\t\t<div class=\"gallery-image\" style=\"background-image: url(https:\/\/www.cafebonifacio.com\/wp-content\/uploads\/2022\/04\/photo_2022-04-19_20-12-09-e1650418214358.jpg);\"><\/div>\n\n\t\t\t\t\t\t\t\t\t\t\t\t\t\t\t\t\t<\/a>\n\t\t\t\t\t\t\t\t\n\t\t\t\t\t\t\t<\/div>\n\t\t   \t \n\t\t\t\t\t\t<\/div>\n\t\t\t\t\t\t\n\t\t\t\t\n\t\t\t\n\t\t\t\t\t\t<div class=\"gallery-image-wrap quarter-width half-height\" data-aos=\"fade-up\" data-aos-delay=\"100\"  >\n\n\t\t\t\t\t\t\t<div class=\"gallery-image-wrap-inner\">\n\n\t\t\t\t\t\t\t\t\t\t\t\t\t\t\t\t\t<a href=\"https:\/\/www.cafebonifacio.com\/wp-content\/uploads\/2023\/02\/img5.jpg\" class=\"links_to_image\">\n\t\t\t\t\t\t\t\t\t\t\t\t    \t\n\t\t\t\t\t\t\t\t\t<div class=\"gallery-image\" style=\"background-image: url(https:\/\/www.cafebonifacio.com\/wp-content\/uploads\/2023\/02\/img5.jpg);\"><\/div>\n\n\t\t\t\t\t\t\t\t\t\t\t\t\t\t\t\t\t<\/a>\n\t\t\t\t\t\t\t\t\n\t\t\t\t\t\t\t<\/div>\n\t\t   \t \n\t\t\t\t\t\t<\/div>\n\t\t\t\t\t\t\n\t\t\t\t\n\t\t\t\n\t\t\t\t\t\t<div class=\"gallery-image-wrap quarter-width half-height\" data-aos=\"fade-up\" data-aos-delay=\"100\"  >\n\n\t\t\t\t\t\t\t<div class=\"gallery-image-wrap-inner\">\n\n\t\t\t\t\t\t\t\t\t\t\t\t\t\t\t\t\t<a href=\"https:\/\/www.cafebonifacio.com\/wp-content\/uploads\/2022\/04\/photo_2022-04-19_20-12-13.jpg\" class=\"links_to_image\">\n\t\t\t\t\t\t\t\t\t\t\t\t    \t\n\t\t\t\t\t\t\t\t\t<div class=\"gallery-image\" style=\"background-image: url(https:\/\/www.cafebonifacio.com\/wp-content\/uploads\/2022\/04\/photo_2022-04-19_20-12-13.jpg);\"><\/div>\n\n\t\t\t\t\t\t\t\t\t\t\t\t\t\t\t\t\t<\/a>\n\t\t\t\t\t\t\t\t\n\t\t\t\t\t\t\t<\/div>\n\t\t   \t \n\t\t\t\t\t\t<\/div>\n\t\t\t\t\t\t\n\t\t\t\t\n\t\t\t\n\t\t\t\t\t\t<div class=\"gallery-image-wrap quarter-width half-height\" data-aos=\"fade-up\" data-aos-delay=\"100\"  >\n\n\t\t\t\t\t\t\t<div class=\"gallery-image-wrap-inner\">\n\n\t\t\t\t\t\t\t\t\t\t\t\t\t\t\t\t\t<a href=\"https:\/\/www.cafebonifacio.com\/wp-content\/uploads\/2022\/04\/photo_2022-04-19_20-12-17.jpg\" class=\"links_to_image\">\n\t\t\t\t\t\t\t\t\t\t\t\t    \t\n\t\t\t\t\t\t\t\t\t<div class=\"gallery-image\" style=\"background-image: url(https:\/\/www.cafebonifacio.com\/wp-content\/uploads\/2022\/04\/photo_2022-04-19_20-12-17.jpg);\"><\/div>\n\n\t\t\t\t\t\t\t\t\t\t\t\t\t\t\t\t\t<\/a>\n\t\t\t\t\t\t\t\t\n\t\t\t\t\t\t\t<\/div>\n\t\t   \t \n\t\t\t\t\t\t<\/div>\n\t\t\t\t\t\t\n\t\t\t\t\n\t\t\t\n\t\t\t\t\t\t<div class=\"gallery-image-wrap quarter-width half-height\" data-aos=\"fade-up\" data-aos-delay=\"100\"  >\n\n\t\t\t\t\t\t\t<div class=\"gallery-image-wrap-inner\">\n\n\t\t\t\t\t\t\t\t\t\t\t\t\t\t\t\t\t<a href=\"https:\/\/www.cafebonifacio.com\/wp-content\/uploads\/2022\/04\/rana-scaled.jpeg\" class=\"links_to_image\">\n\t\t\t\t\t\t\t\t\t\t\t\t    \t\n\t\t\t\t\t\t\t\t\t<div class=\"gallery-image\" style=\"background-image: url(https:\/\/www.cafebonifacio.com\/wp-content\/uploads\/2022\/04\/rana-scaled.jpeg);\"><\/div>\n\n\t\t\t\t\t\t\t\t\t\t\t\t\t\t\t\t\t<\/a>\n\t\t\t\t\t\t\t\t\n\t\t\t\t\t\t\t<\/div>\n\t\t   \t \n\t\t\t\t\t\t<\/div>\n\t\t\t\t\t\t\n\t\t\t\t\n\t\t\t\n\t\t\t\t\t\t<div class=\"gallery-image-wrap quarter-width half-height\" data-aos=\"fade-up\" data-aos-delay=\"100\"  >\n\n\t\t\t\t\t\t\t<div class=\"gallery-image-wrap-inner\">\n\n\t\t\t\t\t\t\t\t\t\t\t\t\t\t\t\t\t<a href=\"https:\/\/www.cafebonifacio.com\/wp-content\/uploads\/2023\/03\/rio.jpg\" class=\"links_to_image\">\n\t\t\t\t\t\t\t\t\t\t\t\t    \t\n\t\t\t\t\t\t\t\t\t<div class=\"gallery-image\" style=\"background-image: url(https:\/\/www.cafebonifacio.com\/wp-content\/uploads\/2023\/03\/rio.jpg);\"><\/div>\n\n\t\t\t\t\t\t\t\t\t\t\t\t\t\t\t\t\t<\/a>\n\t\t\t\t\t\t\t\t\n\t\t\t\t\t\t\t<\/div>\n\t\t   \t \n\t\t\t\t\t\t<\/div>\n\t\t\t\t\t\t\n\t\t\t\t\n\t\t\t\n\t\t\t\t\t\t<div class=\"gallery-image-wrap quarter-width half-height\" data-aos=\"fade-up\" data-aos-delay=\"100\"  >\n\n\t\t\t\t\t\t\t<div class=\"gallery-image-wrap-inner\">\n\n\t\t\t\t\t\t\t\t\t\t\t\t\t\t\t\t\t<a href=\"https:\/\/www.cafebonifacio.com\/wp-content\/uploads\/2023\/03\/tasa-2.jpg\" class=\"links_to_image\">\n\t\t\t\t\t\t\t\t\t\t\t\t    \t\n\t\t\t\t\t\t\t\t\t<div class=\"gallery-image\" style=\"background-image: url(https:\/\/www.cafebonifacio.com\/wp-content\/uploads\/2023\/03\/tasa-2.jpg);\"><\/div>\n\n\t\t\t\t\t\t\t\t\t\t\t\t\t\t\t\t\t<\/a>\n\t\t\t\t\t\t\t\t\n\t\t\t\t\t\t\t<\/div>\n\t\t   \t \n\t\t\t\t\t\t<\/div>\n\t\t\t\t\t\t\n\t\t\t\t\n\t\t\t\t\t\t<\/div>\n\t\t\t\t<\/div>\n\t<\/section> \n\n\n\n<h2 class=\"wp-block-heading has-text-align-center\">In search of an excellent cup of coffee<\/h2>\n\n\n\n<div class=\"wp-block-group alignwide\"><div class=\"wp-block-group__inner-container is-layout-flow wp-block-group-is-layout-flow\">\n<p class=\"has-text-align-center\"><strong>Natural Process<br><\/strong>To obtain the high quality of our product we consider several factors such as care for the soil, grains free of defects and matured in their maximum splendor also hand-picked to guarantee the best quality. This process is the contrary and very different from industrial production where the majority of the work is carried out by immense machines. Even though industrial production has a great quality and good taste it does not have the personal touch of the farmer. Our method consists of drying the whole mature bean after having harvested it without removing the shell, leaving all its layers in solar coffee dryers. When processed in this way it retains important attributes such as a robust body as the name indicates and a high dose of caffeine.<\/p>\n<\/div><\/div>\n\n\n\n<div class=\"wp-block-group alignwide\"><div class=\"wp-block-group__inner-container is-layout-flow wp-block-group-is-layout-flow\">\n<p class=\"has-text-align-center\"><strong>Sustainability<br><\/strong>The farm represents a truly essential space for the wildlife and biodiversity of the area which is why we carry out each process carefully through ecological and environmentally friendly systems.<\/p>\n<\/div><\/div>\n\n\n\n\t<section id=\"contentboxes-mb-block-0a616136-44ae-4f75-aaa8-afd471960a99\" class=\"section section-contentboxes  alignfull \">\n\n\t\t<div class=\"contentboxes-wrap none\">\n\t\t\t\t\t<div class=\"contentboxes-masonry \">\n\n\t\t\t\t<div class=\"grid-sizer-contentboxes\"><\/div>\n\n\t\t\t\t\n\t\t\t\t<div class=\"content-box-4579 contentboxes-image-wrap bg-image half-width square content-dark no-vertical-text no-content  \"  data-aos=\"fade-up\" data-aos-delay=\"100\"    >\n\n\t\t\t\t\t<div class=\"contentboxes-image-wrap-inner\">\n\n\t\t\t\t\t\n\t\t\t\t\t\t<div class=\"contentboxes-zoom-wrap \">\n\t\t\t\t\t\t\n\t\t\t\t\t\t\t\t\t\t\t\t\t<div class=\"contentboxbgimage\" style=\"background-image: url(https:\/\/www.cafebonifacio.com\/wp-content\/uploads\/2023\/03\/granos.jpg);\"><\/div> \n\t\t\t\t\t\t\t\t\t\t\t\t<div class=\"contentbox-overlay   gradient-contentboxes-content-middle\" >\n\t\t\t\t\t\t\n\t\t\t\t\t\t\t<div class=\"contentboxes-content-wrap centered-content  contentboxes-content-middle\"  >\n\n\t\t\t\t\t\t\t\t\n\t\t\t\t\t\t\t\t\t\t\t\t\t\t<\/div>\n\t\t\t\t\t\t\t\t\t\t\t\t\t\n\t\t\t\t\t\t<\/div>\n\t\t\t\t\t<\/div>\n\t\t\t\t\t<\/div>\n\n\t\t\t\t\t\t   \t \n\t\t\t\t<\/div>\n\t\t\t\t\t\n\t\t\t\n\t\t\t\t<div class=\"content-box- contentboxes-image-wrap  half-width square  no-vertical-text has-content cb-mobile-content-center \"  data-aos=\"fade-up\" data-aos-delay=\"200\"    >\n\n\t\t\t\t\t<div class=\"contentboxes-image-wrap-inner\">\n\n\t\t\t\t\t\n\t\t\t\t\t\t<div class=\"contentboxes-zoom-wrap \">\n\t\t\t\t\t\t\n\t\t\t\t\t\t\n\t\t\t\t\t\t\n\t\t\t\t\t\t\t<div class=\"contentboxes-content-wrap centered-content  \"  >\n\n\t\t\t\t\t\t\t\t\t\t\t\t\t\t\t\t<div class=\"contentboxes-content section-content\">\n\t\t\t\t\t\t\t\t\t\t\t\t\t\t\t\t\t\t\t\t\t\t\t\t\t\t\t\t\t\t\t\t\t\t                \t<h2 class=\"contentboxes-content-item contentboxes-title\"  data-aos=\"slide-up\"  >Product<\/h2>\n\t\t\t\t\t\t\t                \t\t\t\t\t\t\t                \t\t\t\t\t\t\t                \t<div class=\"contentboxes-content-item contentboxes-divider\"  data-aos=\"fade-right\"  ><\/div>\n\t\t\t\t\t\t\t                \t\t\t\t\t\t\t                \t\t\t\t\t\t\t                \t<div class=\"contentboxes-content-item contentboxes-text\"  data-aos=\"fade-right\" data-aos-delay=\"340\"  >Cafe Bonifacio is the result of great effort and honest love for this great drink by putting a lot of love and dedication into each of the production processes.<\/div>\n\t\t\t\t\t\t\t                \t\t\t\t\t\t\t                \t\t\t\t\t\t        \t<\/div>\n\t\t\t\t\t\t        \t\n\t\t\t\t\t\t\t\t\t\t\t\t\t\n\t\t\t\t\t\t<\/div>\n\t\t\t\t\t<\/div>\n\t\t\t\t\t<\/div>\n\n\t\t\t\t\t\t   \t \n\t\t\t\t<\/div>\n\t\t\t\t\t\n\t\t\t\t\t\t<\/div>\n\t\t\t\t<\/div>\n\n\t<\/section> \n\n\n\n\n<div class=\"wp-block-group alignfull\"><div class=\"wp-block-group__inner-container is-layout-flow wp-block-group-is-layout-flow\">\n\t<div id=\"divider-mb-block-ef35eec7-48d6-4f54-b5b2-e2627be30b93\" class=\"divider-block divider-center divider-horizontal\"><\/div>\n\n<\/div><\/div>\n\n\n\n\t<section id=\"section-gallery-mb-block-14fa41f8-0b40-4aad-8bd1-afd04c28002e\" class=\"section section-gallery  alignfull \">\n\n\t\t<div class=\"gallery-wrap none\">\n\t\t\t\t\t<div class=\"gallery-images-masonry \">\n\n\t\t\t\t<div class=\"grid-sizer-gallery\"><\/div>\n\t\t\t\t\n\t\t\t\t\t\t<div class=\"gallery-image-wrap quarter-width half-height\" data-aos=\"fade-up\" data-aos-delay=\"100\"  >\n\n\t\t\t\t\t\t\t<div class=\"gallery-image-wrap-inner\">\n\n\t\t\t\t\t\t\t\t\t\t\t\t\t\t\t\t\t<a href=\"https:\/\/www.cafebonifacio.com\/wp-content\/uploads\/2020\/12\/coffeebean-beans-7.jpg\" class=\"links_to_image\">\n\t\t\t\t\t\t\t\t\t\t\t\t    \t\n\t\t\t\t\t\t\t\t\t<div class=\"gallery-image\" style=\"background-image: url(https:\/\/www.cafebonifacio.com\/wp-content\/uploads\/2020\/12\/coffeebean-beans-7.jpg);\"><\/div>\n\n\t\t\t\t\t\t\t\t\t\t\t\t\t\t\t\t\t<\/a>\n\t\t\t\t\t\t\t\t\n\t\t\t\t\t\t\t<\/div>\n\t\t   \t \n\t\t\t\t\t\t<\/div>\n\t\t\t\t\t\t\n\t\t\t\t\n\t\t\t\n\t\t\t\t\t\t<div class=\"gallery-image-wrap quarter-width half-height\" data-aos=\"fade-up\" data-aos-delay=\"100\"  >\n\n\t\t\t\t\t\t\t<div class=\"gallery-image-wrap-inner\">\n\n\t\t\t\t\t\t\t\t\t\t\t\t\t\t\t\t\t<a href=\"https:\/\/www.cafebonifacio.com\/wp-content\/uploads\/2020\/12\/coffeebean-beans-square.jpg\" class=\"links_to_image\">\n\t\t\t\t\t\t\t\t\t\t\t\t    \t\n\t\t\t\t\t\t\t\t\t<div class=\"gallery-image\" style=\"background-image: url(https:\/\/www.cafebonifacio.com\/wp-content\/uploads\/2020\/12\/coffeebean-beans-square.jpg);\"><\/div>\n\n\t\t\t\t\t\t\t\t\t\t\t\t\t\t\t\t\t<\/a>\n\t\t\t\t\t\t\t\t\n\t\t\t\t\t\t\t<\/div>\n\t\t   \t \n\t\t\t\t\t\t<\/div>\n\t\t\t\t\t\t\n\t\t\t\t\n\t\t\t\n\t\t\t\t\t\t<div class=\"gallery-image-wrap quarter-width half-height\" data-aos=\"fade-up\" data-aos-delay=\"100\"  >\n\n\t\t\t\t\t\t\t<div class=\"gallery-image-wrap-inner\">\n\n\t\t\t\t\t\t\t\t\t\t\t\t\t\t\t\t\t<a href=\"https:\/\/www.cafebonifacio.com\/wp-content\/uploads\/2020\/12\/coffeebean-hero-coffeeshop.jpg\" class=\"links_to_image\">\n\t\t\t\t\t\t\t\t\t\t\t\t    \t\n\t\t\t\t\t\t\t\t\t<div class=\"gallery-image\" style=\"background-image: url(https:\/\/www.cafebonifacio.com\/wp-content\/uploads\/2020\/12\/coffeebean-hero-coffeeshop.jpg);\"><\/div>\n\n\t\t\t\t\t\t\t\t\t\t\t\t\t\t\t\t\t<\/a>\n\t\t\t\t\t\t\t\t\n\t\t\t\t\t\t\t<\/div>\n\t\t   \t \n\t\t\t\t\t\t<\/div>\n\t\t\t\t\t\t\n\t\t\t\t\n\t\t\t\n\t\t\t\t\t\t<div class=\"gallery-image-wrap quarter-width half-height\" data-aos=\"fade-up\" data-aos-delay=\"100\"  >\n\n\t\t\t\t\t\t\t<div class=\"gallery-image-wrap-inner\">\n\n\t\t\t\t\t\t\t\t\t\t\t\t\t\t\t\t\t<a href=\"https:\/\/www.cafebonifacio.com\/wp-content\/uploads\/2021\/02\/coffee-cup-amaya.jpg\" class=\"links_to_image\">\n\t\t\t\t\t\t\t\t\t\t\t\t    \t\n\t\t\t\t\t\t\t\t\t<div class=\"gallery-image\" style=\"background-image: url(https:\/\/www.cafebonifacio.com\/wp-content\/uploads\/2021\/02\/coffee-cup-amaya.jpg);\"><\/div>\n\n\t\t\t\t\t\t\t\t\t\t\t\t\t\t\t\t\t<\/a>\n\t\t\t\t\t\t\t\t\n\t\t\t\t\t\t\t<\/div>\n\t\t   \t \n\t\t\t\t\t\t<\/div>\n\t\t\t\t\t\t\n\t\t\t\t\n\t\t\t\t\t\t<\/div>\n\t\t\t\t<\/div>\n\t<\/section> \n","protected":false},"excerpt":{"rendered":"History The history of our coffee began in the 1950s in El Ca\u00f1o of San Miguel in Cocle Province where Don Bonifacio dedicated ...","protected":false},"author":1,"featured_media":0,"parent":0,"menu_order":15,"comment_status":"closed","ping_status":"closed","template":"","meta":{"_monsterinsights_skip_tracking":false,"_monsterinsights_sitenote_active":false,"_monsterinsights_sitenote_note":"","_monsterinsights_sitenote_category":0,"footnotes":""},"class_list":["post-5029","page","type-page","status-publish","hentry"],"_links":{"self":[{"href":"https:\/\/www.cafebonifacio.com\/en\/wp-json\/wp\/v2\/pages\/5029","targetHints":{"allow":["GET"]}}],"collection":[{"href":"https:\/\/www.cafebonifacio.com\/en\/wp-json\/wp\/v2\/pages"}],"about":[{"href":"https:\/\/www.cafebonifacio.com\/en\/wp-json\/wp\/v2\/types\/page"}],"author":[{"embeddable":true,"href":"https:\/\/www.cafebonifacio.com\/en\/wp-json\/wp\/v2\/users\/1"}],"replies":[{"embeddable":true,"href":"https:\/\/www.cafebonifacio.com\/en\/wp-json\/wp\/v2\/comments?post=5029"}],"version-history":[{"count":7,"href":"https:\/\/www.cafebonifacio.com\/en\/wp-json\/wp\/v2\/pages\/5029\/revisions"}],"predecessor-version":[{"id":5102,"href":"https:\/\/www.cafebonifacio.com\/en\/wp-json\/wp\/v2\/pages\/5029\/revisions\/5102"}],"wp:attachment":[{"href":"https:\/\/www.cafebonifacio.com\/en\/wp-json\/wp\/v2\/media?parent=5029"}],"curies":[{"name":"wp","href":"https:\/\/api.w.org\/{rel}","templated":true}]}}